{"id":503,"date":"2021-04-19T17:07:57","date_gmt":"2021-04-19T14:07:57","guid":{"rendered":"https:\/\/www.donerkardesler.com\/?page_id=503"},"modified":"2021-04-23T22:19:08","modified_gmt":"2021-04-23T19:19:08","slug":"demiryolu-tasimaciligi","status":"publish","type":"page","link":"https:\/\/www.donerkardesler.com\/en\/demiryolu-tasimaciligi\/","title":{"rendered":"Railway Transport"},"content":{"rendered":"<section class=\"vc_section\"><div class=\"vc_row wpb_row row\"><div class=\"vc_column_container col-md-6 vc_custom_1618918773867\"><div class=\"wpb_wrapper vc_column-inner\">\n\t<div class=\"wpb_single_image wpb_content_element vc_align_center\">\n\t\t<div class=\"wpb_wrapper\">\n\t\t\t\n\t\t\t<div class=\"vc_single_image-wrapper vc_box_shadow_3d  vc_box_border_grey\"><span class=\"vc_box_shadow_3d_wrap\"><img loading=\"lazy\" decoding=\"async\" width=\"1350\" height=\"650\" src=\"https:\/\/www.donerkardesler.com\/wp-content\/uploads\/2021\/04\/DEMIRYOLU-min.png\" class=\"vc_single_image-img attachment-full\" alt=\"\" srcset=\"https:\/\/www.donerkardesler.com\/wp-content\/uploads\/2021\/04\/DEMIRYOLU-min.png 1350w, https:\/\/www.donerkardesler.com\/wp-content\/uploads\/2021\/04\/DEMIRYOLU-min-1024x493.png 1024w, https:\/\/www.donerkardesler.com\/wp-content\/uploads\/2021\/04\/DEMIRYOLU-min-768x370.png 768w, https:\/\/www.donerkardesler.com\/wp-content\/uploads\/2021\/04\/DEMIRYOLU-min-640x308.png 640w, https:\/\/www.donerkardesler.com\/wp-content\/uploads\/2021\/04\/DEMIRYOLU-min-400x193.png 400w, https:\/\/www.donerkardesler.com\/wp-content\/uploads\/2021\/04\/DEMIRYOLU-min-367x177.png 367w\" sizes=\"auto, (max-width: 1350px) 100vw, 1350px\" \/><\/span><\/div>\n\t\t<\/div>\n\t<\/div>\n<\/div><\/div><div class=\"vc_column_container col-md-6 vc_custom_1618918756705\"><div class=\"wpb_wrapper vc_column-inner\"><p style=\"text-align: center\" class=\"vc_custom_heading\">One of the biggest advantages of rail transport is its low cost. These transportation systems are in the class of low-cost transportation methods such as sea transportation in terms of cost. Another advantage of D\u00d6NER KARDE\u015eLER International Transport and rail transport to other countries is that it is a mode of transport that pollutes the environment at a minimum level. At the same time, large quantities of products can be transported easily and safely in these transports.<\/p><p style=\"text-align: center\" class=\"vc_custom_heading\">We aim to provide quality, easy-to-manage, efficient and sustainable service with our strong infrastructure especially in Railway Transportation, which is preferred for long-distance transportation. In Railway Transportation, as in other transportation fields, we provide comprehensive service in all processes with our experienced and expert team in national and international legislation and standards.<\/p><div class=\"vc_btn3-container vc_btn3-center\" >\n\t<a class=\"vc_general vc_btn3 vc_btn3-size-md vc_btn3-shape-default vc_btn3-style-custom vc_btn3-icon-left btn\" style=\"background-color:#003977; color:#ffffff; background-color:#003977; color:#ffffff;\" href=\"https:\/\/www.donerkardesler.com\/en\/demiryolu-tasimaciligi\/\" title=\"Railway Transport\" target=\"_blank\"><i class=\"vc_btn3-icon fas fa-phone\"><\/i> Contact Us!<\/a>\t<\/div>\n<\/div><\/div><\/div><\/section>","protected":false},"excerpt":{"rendered":"Demiryolu ta\u015f\u0131mac\u0131l\u0131\u011f\u0131n en b\u00fcy\u00fck avantajlar\u0131ndan bir tanesi de d\u00fc\u015f\u00fck maliyetli olmas\u0131d\u0131r. Bu ta\u015f\u0131ma sistemlerinde maliyet a\u00e7\u0131s\u0131ndan denizyolu ta\u015f\u0131malar\u0131 gibi d\u00fc\u015f\u00fck maliyetli ta\u015f\u0131ma y\u00f6ntemleri s\u0131n\u0131f\u0131na girmektedir. D\u00d6NER KARDE\u015eLER Uluslararas\u0131 Ta\u015f\u0131mac\u0131l\u0131k ve di\u011fer \u00fclkelere ger\u00e7ekle\u015fen demir yolu ta\u015f\u0131mac\u0131l\u0131\u011f\u0131n\u0131n bir di\u011fer avantaj\u0131 da \u00e7evreyi minimum d\u00fczeyde kirleten bir ta\u015f\u0131ma \u015fekli olmas\u0131d\u0131r. Ayn\u0131 zamanda bu ta\u015f\u0131malarda b\u00fcy\u00fck miktarda \u00fcr\u00fcnler [...]","protected":false},"author":1,"featured_media":0,"parent":0,"menu_order":0,"comment_status":"closed","ping_status":"closed","template":"","meta":{"footnotes":""},"class_list":["post-503","page","type-page","status-publish","hentry"],"_links":{"self":[{"href":"https:\/\/www.donerkardesler.com\/en\/wp-json\/wp\/v2\/pages\/503","targetHints":{"allow":["GET"]}}],"collection":[{"href":"https:\/\/www.donerkardesler.com\/en\/wp-json\/wp\/v2\/pages"}],"about":[{"href":"https:\/\/www.donerkardesler.com\/en\/wp-json\/wp\/v2\/types\/page"}],"author":[{"embeddable":true,"href":"https:\/\/www.donerkardesler.com\/en\/wp-json\/wp\/v2\/users\/1"}],"replies":[{"embeddable":true,"href":"https:\/\/www.donerkardesler.com\/en\/wp-json\/wp\/v2\/comments?post=503"}],"version-history":[{"count":4,"href":"https:\/\/www.donerkardesler.com\/en\/wp-json\/wp\/v2\/pages\/503\/revisions"}],"predecessor-version":[{"id":510,"href":"https:\/\/www.donerkardesler.com\/en\/wp-json\/wp\/v2\/pages\/503\/revisions\/510"}],"wp:attachment":[{"href":"https:\/\/www.donerkardesler.com\/en\/wp-json\/wp\/v2\/media?parent=503"}],"curies":[{"name":"wp","href":"https:\/\/api.w.org\/{rel}","templated":true}]}}