{"id":475,"date":"2021-04-19T10:48:26","date_gmt":"2021-04-19T07:48:26","guid":{"rendered":"https:\/\/www.donerkardesler.com\/?page_id=475"},"modified":"2021-04-21T01:00:47","modified_gmt":"2021-04-20T22:00:47","slug":"sigorta-hizmetleri","status":"publish","type":"page","link":"https:\/\/www.donerkardesler.com\/en\/sigorta-hizmetleri\/","title":{"rendered":"Insurance Services"},"content":{"rendered":"<section class=\"vc_section vc_custom_1618951833638\"><div class=\"vc_row wpb_row row\"><div class=\"vc_column_container col-md-6 vc_custom_1618952972985\"><div class=\"wpb_wrapper vc_column-inner\">\n\t<div class=\"wpb_single_image wpb_content_element vc_align_center\">\n\t\t<div class=\"wpb_wrapper\">\n\t\t\t\n\t\t\t<div class=\"vc_single_image-wrapper   vc_box_border_grey\"><img loading=\"lazy\" decoding=\"async\" width=\"869\" height=\"517\" src=\"https:\/\/www.donerkardesler.com\/wp-content\/uploads\/2021\/04\/Screenshot_3.jpg\" class=\"vc_single_image-img attachment-full\" alt=\"\" srcset=\"https:\/\/www.donerkardesler.com\/wp-content\/uploads\/2021\/04\/Screenshot_3.jpg 869w, https:\/\/www.donerkardesler.com\/wp-content\/uploads\/2021\/04\/Screenshot_3-768x457.jpg 768w, https:\/\/www.donerkardesler.com\/wp-content\/uploads\/2021\/04\/Screenshot_3-640x381.jpg 640w, https:\/\/www.donerkardesler.com\/wp-content\/uploads\/2021\/04\/Screenshot_3-400x238.jpg 400w, https:\/\/www.donerkardesler.com\/wp-content\/uploads\/2021\/04\/Screenshot_3-367x218.jpg 367w\" sizes=\"auto, (max-width: 869px) 100vw, 869px\" \/><\/div>\n\t\t<\/div>\n\t<\/div>\n<\/div><\/div><div class=\"vc_column_container col-md-6\"><div class=\"wpb_wrapper vc_column-inner\"><h4 style=\"color: #003977;text-align: center\" class=\"vc_custom_heading\">Insurance Services <\/h4><p style=\"text-align: center\" class=\"vc_custom_heading\">For your full confidence in your trade; Your load is under DONER KARDESLER New Value Added Service, DONER KARDESLER G\u00dcVEN INSURANCE Coverage. We secure all your shipping risks that you may encounter in your shipments with ALL RISK policy guarantees. Enjoy the pleasure of managing all your possible damages from a single center with our professional damage consultants. It is your most natural right to want to carry out your trade with a sense of trust in your logistics needs. Accompanied by this sense of trust, it is our main duty to carry the products we have received from you to the delivery point in a sound condition and to insure your products in case of damage from the driver or vehicle. We take away all the worries in your mind.<\/p><div class=\"vc_btn3-container vc_btn3-center\" >\n\t<button class=\"vc_general vc_btn3 vc_btn3-size-md vc_btn3-shape-default vc_btn3-style-custom vc_btn3-icon-left btn\" style=\"background-color:#003977; color:#ffffff; background-color:#003977; color:#ffffff;\"><i class=\"vc_btn3-icon fas fa-phone\"><\/i> Contact Us!<\/button>\t<\/div>\n<\/div><\/div><\/div><\/section>","protected":false},"excerpt":{"rendered":"Sigorta Hizmetlerimiz Ticaretinize olan g\u00fcveniniz tam olsun diye; Y\u00fck\u00fcn\u00fcz DONER KARDESLER Yeni Katma De\u011ferli Hizmeti, DONER KARDESLER G\u00dcVEN S\u0130GORTASI Teminat\u0131 alt\u0131nda. Ta\u015f\u0131malar\u0131n\u0131zda kar\u015f\u0131la\u015fabilece\u011finiz T\u00fcm Nakliye Risklerinizi ALL R\u0130SK poli\u00e7e teminatlar\u0131 ile g\u00fcvence alt\u0131na al\u0131yoruz. Olas\u0131 T\u00fcm hasarlar\u0131n\u0131z\u0131 profesyonel hasar dan\u0131\u015fmanlar\u0131m\u0131z ile tek merkezden y\u00f6netmenin keyfini ya\u015fay\u0131n.Lojistik ihtiya\u00e7lar\u0131n\u0131zda g\u00fcven duygusu ile ticaretinizi ger\u00e7ekle\u015ftirmeyi istemek en do\u011fal [...]","protected":false},"author":1,"featured_media":0,"parent":0,"menu_order":0,"comment_status":"closed","ping_status":"closed","template":"","meta":{"footnotes":""},"class_list":["post-475","page","type-page","status-publish","hentry"],"_links":{"self":[{"href":"https:\/\/www.donerkardesler.com\/en\/wp-json\/wp\/v2\/pages\/475","targetHints":{"allow":["GET"]}}],"collection":[{"href":"https:\/\/www.donerkardesler.com\/en\/wp-json\/wp\/v2\/pages"}],"about":[{"href":"https:\/\/www.donerkardesler.com\/en\/wp-json\/wp\/v2\/types\/page"}],"author":[{"embeddable":true,"href":"https:\/\/www.donerkardesler.com\/en\/wp-json\/wp\/v2\/users\/1"}],"replies":[{"embeddable":true,"href":"https:\/\/www.donerkardesler.com\/en\/wp-json\/wp\/v2\/comments?post=475"}],"version-history":[{"count":3,"href":"https:\/\/www.donerkardesler.com\/en\/wp-json\/wp\/v2\/pages\/475\/revisions"}],"predecessor-version":[{"id":558,"href":"https:\/\/www.donerkardesler.com\/en\/wp-json\/wp\/v2\/pages\/475\/revisions\/558"}],"wp:attachment":[{"href":"https:\/\/www.donerkardesler.com\/en\/wp-json\/wp\/v2\/media?parent=475"}],"curies":[{"name":"wp","href":"https:\/\/api.w.org\/{rel}","templated":true}]}}