{"id":473,"date":"2021-04-19T10:47:49","date_gmt":"2021-04-19T07:47:49","guid":{"rendered":"https:\/\/www.donerkardesler.com\/?page_id=473"},"modified":"2021-04-24T01:10:41","modified_gmt":"2021-04-23T22:10:41","slug":"gumrukleme-hizmetleri","status":"publish","type":"page","link":"https:\/\/www.donerkardesler.com\/en\/gumrukleme-hizmetleri\/","title":{"rendered":"Customs Clearance Services"},"content":{"rendered":"<section class=\"vc_section vc_custom_1618956126867\"><div class=\"vc_row wpb_row row\"><div class=\"vc_column_container col-md-6 vc_custom_1618956282583\"><div class=\"wpb_wrapper vc_column-inner\"><h3 style=\"color: #003977;text-align: center\" class=\"vc_custom_heading\">Customs Clearance Services<\/h3><p style=\"text-align: center\" class=\"vc_custom_heading\">As D\u00d6NER KARDE\u015eLER, we carry out export and import cargo, customs clearance and customs clearance operations in line with the demands of our customers and in accordance with the customs regulations. During the export phase, we prepare all the documents required for export customs clearance and ensure that the transactions are carried out quickly.<\/p><p style=\"text-align: center\" class=\"vc_custom_heading\">It offers comprehensive customs services as well as consultancy services regarding import and export transactions. By following the customs legislation and changes regularly; Customers are informed simultaneously about their subjects. In a business environment where customer satisfaction depends on fast delivery, D\u00d6NER KARDE\u015eLER; It provides uninterrupted and timely customs clearance services and ensures that the supply chain is completed without interruption.<\/p><p style=\"text-align: center\" class=\"vc_custom_heading\">Every customer; It adopts a synchronized way of doing business like a customs clearance department belonging to its customers by producing customized, boutique solutions for its sector, legislation, most importantly operational demands and needs.<\/p><div class=\"vc_btn3-container vc_btn3-center\" >\n\t<button class=\"vc_general vc_btn3 vc_btn3-size-md vc_btn3-shape-default vc_btn3-style-custom vc_btn3-icon-left btn\" style=\"background-color:#003977; color:#ffffff; background-color:#003977; color:#ffffff;\"><i class=\"vc_btn3-icon fas fa-phone\"><\/i> Contact Us!<\/button>\t<\/div>\n<\/div><\/div><div class=\"vc_column_container col-md-6 vc_custom_1618956536804\"><div class=\"wpb_wrapper vc_column-inner\">\n\t<div class=\"wpb_single_image wpb_content_element vc_align_center\">\n\t\t<div class=\"wpb_wrapper\">\n\t\t\t\n\t\t\t<div class=\"vc_single_image-wrapper   vc_box_border_grey\"><img loading=\"lazy\" decoding=\"async\" width=\"626\" height=\"417\" src=\"https:\/\/www.donerkardesler.com\/wp-content\/uploads\/2021\/04\/Karayolu_Tasimaciligi1fr.jpg\" class=\"vc_single_image-img attachment-full\" alt=\"\" srcset=\"https:\/\/www.donerkardesler.com\/wp-content\/uploads\/2021\/04\/Karayolu_Tasimaciligi1fr.jpg 626w, https:\/\/www.donerkardesler.com\/wp-content\/uploads\/2021\/04\/Karayolu_Tasimaciligi1fr-400x266.jpg 400w, https:\/\/www.donerkardesler.com\/wp-content\/uploads\/2021\/04\/Karayolu_Tasimaciligi1fr-367x244.jpg 367w\" sizes=\"auto, (max-width: 626px) 100vw, 626px\" \/><\/div>\n\t\t<\/div>\n\t<\/div>\n<\/div><\/div><\/div><\/section>","protected":false},"excerpt":{"rendered":"G\u00fcmr\u00fckleme HizmetlerimizD\u00d6NER KARDE\u015eLER olarak, m\u00fc\u015fterilerimizin talepleri do\u011frultusunda, g\u00fcmr\u00fck mevzuatlar\u0131na uygun olarak, ihracat ve ithalat y\u00fckleri, g\u00fcmr\u00fckleme, g\u00fcmr\u00fckten \u00e7ekim i\u015flemlerini ger\u00e7ekle\u015ftiriyoruz. \u0130hracat a\u015famas\u0131nda, ihracat g\u00fcmr\u00fcklemesi i\u00e7in gerekli olan t\u00fcm evraklar\u0131n haz\u0131rlanarak i\u015flemlerin h\u0131zl\u0131 bir \u015fekilde ger\u00e7ekle\u015fmesini sa\u011fl\u0131yoruz.\u0130thalat ve ihracat i\u015flemleri ile ilgili olarak kapsaml\u0131 g\u00fcmr\u00fck hizmetleri ve ayn\u0131 zamanda dan\u0131\u015fmanl\u0131k hizmetlerini de sunmaktad\u0131r. G\u00fcmr\u00fck mevzuat\u0131 ve [...]","protected":false},"author":1,"featured_media":0,"parent":0,"menu_order":0,"comment_status":"closed","ping_status":"closed","template":"","meta":{"footnotes":""},"class_list":["post-473","page","type-page","status-publish","hentry"],"_links":{"self":[{"href":"https:\/\/www.donerkardesler.com\/en\/wp-json\/wp\/v2\/pages\/473","targetHints":{"allow":["GET"]}}],"collection":[{"href":"https:\/\/www.donerkardesler.com\/en\/wp-json\/wp\/v2\/pages"}],"about":[{"href":"https:\/\/www.donerkardesler.com\/en\/wp-json\/wp\/v2\/types\/page"}],"author":[{"embeddable":true,"href":"https:\/\/www.donerkardesler.com\/en\/wp-json\/wp\/v2\/users\/1"}],"replies":[{"embeddable":true,"href":"https:\/\/www.donerkardesler.com\/en\/wp-json\/wp\/v2\/comments?post=473"}],"version-history":[{"count":4,"href":"https:\/\/www.donerkardesler.com\/en\/wp-json\/wp\/v2\/pages\/473\/revisions"}],"predecessor-version":[{"id":673,"href":"https:\/\/www.donerkardesler.com\/en\/wp-json\/wp\/v2\/pages\/473\/revisions\/673"}],"wp:attachment":[{"href":"https:\/\/www.donerkardesler.com\/en\/wp-json\/wp\/v2\/media?parent=473"}],"curies":[{"name":"wp","href":"https:\/\/api.w.org\/{rel}","templated":true}]}}