{"id":471,"date":"2021-04-19T10:45:24","date_gmt":"2021-04-19T07:45:24","guid":{"rendered":"https:\/\/www.donerkardesler.com\/?page_id=471"},"modified":"2021-04-21T01:24:10","modified_gmt":"2021-04-20T22:24:10","slug":"depo-antrepo-yonetimi","status":"publish","type":"page","link":"https:\/\/www.donerkardesler.com\/en\/depo-antrepo-yonetimi\/","title":{"rendered":"Warehouse &amp; Warehouse Management"},"content":{"rendered":"<section class=\"vc_section vc_custom_1618956816496\"><div class=\"vc_row wpb_row row\"><div class=\"vc_column_container col-md-6\"><div class=\"wpb_wrapper vc_column-inner\"><p style=\"text-align: center\" class=\"vc_custom_heading\">As a competent provider of value added services, we offer a complete service package for warehouse logistics and order processing in the field of Fulfillment: shelf life, batch and serial number management, pick &amp; pack, shipping and retour logistics as well as a specially designed Add - we undertake end services. By outsourcing your warehouse logistics and Fulfillment processes, you can reach new dimensions in flexibility and efficiency and focus entirely on your core business. Our employees ensure optimum product flow through our state-of-the-art branches and process approximately 1.8 million storage orders per year. Our advanced IT tools play a big role in making our processes flexible and efficient, and they also adapt to a variety of systems. With outsourcing, we show you how you can reach a new understanding of flexibility, how you can convert fixed expenses into variable expenses, and how you can control your productivity and periodic fluctuations with low investments.<\/p><\/div><\/div><div class=\"vc_column_container col-md-6\"><div class=\"wpb_wrapper vc_column-inner\">\n\t<div class=\"wpb_single_image wpb_content_element vc_align_center\">\n\t\t<div class=\"wpb_wrapper\">\n\t\t\t\n\t\t\t<div class=\"vc_single_image-wrapper   vc_box_border_grey\"><img loading=\"lazy\" decoding=\"async\" width=\"626\" height=\"417\" src=\"https:\/\/www.donerkardesler.com\/wp-content\/uploads\/2021\/04\/Karayolu_Tasimaciligi1gh.jpg\" class=\"vc_single_image-img attachment-full\" alt=\"\" srcset=\"https:\/\/www.donerkardesler.com\/wp-content\/uploads\/2021\/04\/Karayolu_Tasimaciligi1gh.jpg 626w, https:\/\/www.donerkardesler.com\/wp-content\/uploads\/2021\/04\/Karayolu_Tasimaciligi1gh-400x266.jpg 400w, https:\/\/www.donerkardesler.com\/wp-content\/uploads\/2021\/04\/Karayolu_Tasimaciligi1gh-367x244.jpg 367w\" sizes=\"auto, (max-width: 626px) 100vw, 626px\" \/><\/div>\n\t\t<\/div>\n\t<\/div>\n<\/div><\/div><\/div><div class=\"vc_row wpb_row row vc_custom_1618957287810\"><div class=\"vc_column_container col-md-6\"><div class=\"wpb_wrapper vc_column-inner\">\n\t<div class=\"wpb_single_image wpb_content_element vc_align_center\">\n\t\t<div class=\"wpb_wrapper\">\n\t\t\t\n\t\t\t<div class=\"vc_single_image-wrapper   vc_box_border_grey\"><img loading=\"lazy\" decoding=\"async\" width=\"1880\" height=\"1254\" src=\"https:\/\/www.donerkardesler.com\/wp-content\/uploads\/2021\/04\/pexels-photo-1267338.jpeg\" class=\"vc_single_image-img attachment-full\" alt=\"\" srcset=\"https:\/\/www.donerkardesler.com\/wp-content\/uploads\/2021\/04\/pexels-photo-1267338.jpeg 1880w, https:\/\/www.donerkardesler.com\/wp-content\/uploads\/2021\/04\/pexels-photo-1267338-1024x683.jpeg 1024w, https:\/\/www.donerkardesler.com\/wp-content\/uploads\/2021\/04\/pexels-photo-1267338-768x512.jpeg 768w, https:\/\/www.donerkardesler.com\/wp-content\/uploads\/2021\/04\/pexels-photo-1267338-1536x1025.jpeg 1536w, https:\/\/www.donerkardesler.com\/wp-content\/uploads\/2021\/04\/pexels-photo-1267338-640x427.jpeg 640w, https:\/\/www.donerkardesler.com\/wp-content\/uploads\/2021\/04\/pexels-photo-1267338-400x267.jpeg 400w, https:\/\/www.donerkardesler.com\/wp-content\/uploads\/2021\/04\/pexels-photo-1267338-367x245.jpeg 367w\" sizes=\"auto, (max-width: 1880px) 100vw, 1880px\" \/><\/div>\n\t\t<\/div>\n\t<\/div>\n<\/div><\/div><div class=\"vc_column_container col-md-6 vc_custom_1618957294305\"><div class=\"wpb_wrapper vc_column-inner\"><h2 style=\"color: #003977;text-align: center\" class=\"vc_custom_heading\">How to Choose a Company for Storage Service?<br \/>\n<\/h2><p style=\"text-align: center\" class=\"vc_custom_heading\">Firms that provide storage services take your items on contract, pack them with great care, and then store them safely in the part reserved for you. Warehouses are insured against adverse situations that may occur during the storage process. Warehouses are cleaned and regularly sprayed against rodent insects and pests. In warehouses where disasters such as earthquakes, floods and fires are considered, your belongings stored as insured will be as safe as in your home or office.<\/p><\/div><\/div><\/div><\/section>","protected":false},"excerpt":{"rendered":"Katma de\u011fer hizmetlerinin yetkin sa\u011flay\u0131c\u0131s\u0131 olarak, depo lojisti\u011fi ve Fulfillment alan\u0131nda sipari\u015flerin i\u015flenmesi ile ilgili eksiksiz bir hizmet paketi sunuyoruz: Raf \u00f6mr\u00fc, parti ve seri numaralar\u0131 y\u00f6netimi, birlikte toplama, ambalajlama (pick & pack), sevkiyat ve retour lojisti\u011finin yan\u0131nda \u00f6zel olarak tasarlanm\u0131\u015f Add-on hizmetleri \u00fcstleniyoruz. Depo lojisti\u011fi ve Fulfillment s\u00fcre\u00e7leriniz i\u00e7in d\u0131\u015f kaynak tedarik ederek esneklik [...]","protected":false},"author":1,"featured_media":0,"parent":0,"menu_order":0,"comment_status":"closed","ping_status":"closed","template":"","meta":{"footnotes":""},"class_list":["post-471","page","type-page","status-publish","hentry"],"_links":{"self":[{"href":"https:\/\/www.donerkardesler.com\/en\/wp-json\/wp\/v2\/pages\/471","targetHints":{"allow":["GET"]}}],"collection":[{"href":"https:\/\/www.donerkardesler.com\/en\/wp-json\/wp\/v2\/pages"}],"about":[{"href":"https:\/\/www.donerkardesler.com\/en\/wp-json\/wp\/v2\/types\/page"}],"author":[{"embeddable":true,"href":"https:\/\/www.donerkardesler.com\/en\/wp-json\/wp\/v2\/users\/1"}],"replies":[{"embeddable":true,"href":"https:\/\/www.donerkardesler.com\/en\/wp-json\/wp\/v2\/comments?post=471"}],"version-history":[{"count":3,"href":"https:\/\/www.donerkardesler.com\/en\/wp-json\/wp\/v2\/pages\/471\/revisions"}],"predecessor-version":[{"id":571,"href":"https:\/\/www.donerkardesler.com\/en\/wp-json\/wp\/v2\/pages\/471\/revisions\/571"}],"wp:attachment":[{"href":"https:\/\/www.donerkardesler.com\/en\/wp-json\/wp\/v2\/media?parent=471"}],"curies":[{"name":"wp","href":"https:\/\/api.w.org\/{rel}","templated":true}]}}