{"id":461,"date":"2021-04-19T09:38:21","date_gmt":"2021-04-19T06:38:21","guid":{"rendered":"https:\/\/www.donerkardesler.com\/?page_id=461"},"modified":"2021-04-23T22:27:14","modified_gmt":"2021-04-23T19:27:14","slug":"parsiyel-tasimacilik","status":"publish","type":"page","link":"https:\/\/www.donerkardesler.com\/en\/parsiyel-tasimacilik\/","title":{"rendered":"Partial Transportation"},"content":{"rendered":"<section class=\"vc_section vc_custom_1618926441425\"><div class=\"vc_row wpb_row row\"><div class=\"vc_column_container col-md-6 vc_custom_1618926453968\"><div class=\"wpb_wrapper vc_column-inner\"><h4 style=\"color: #003977;text-align: center\" class=\"vc_custom_heading\">Professional Partial Transportation<\/h4><p style=\"text-align: center\" class=\"vc_custom_heading\">Since partial transportation is the process of transporting the loads that will be transported on the same route and belong to different customers with the same vehicle, it is aimed to manage this process in the best way, to plan the delivery organization and to deliver the cargo without delay.<\/p><div class=\"vc_btn3-container vc_btn3-center\" >\n\t<a class=\"vc_general vc_btn3 vc_btn3-size-md vc_btn3-shape-default vc_btn3-style-custom btn\" style=\"background-color:#003977; color:#ffffff; background-color:#003977; color:#ffffff;\" href=\"https:\/\/www.donerkardesler.com\/en\/iletisim\/\" title=\"Contact\" target=\"_blank\">Contact Us!<\/a>\t<\/div>\n<\/div><\/div><div class=\"vc_column_container col-md-6\"><div class=\"wpb_wrapper vc_column-inner\">\n\t<div class=\"wpb_single_image wpb_content_element vc_align_center\">\n\t\t<div class=\"wpb_wrapper\">\n\t\t\t\n\t\t\t<div class=\"vc_single_image-wrapper vc_box_shadow_3d  vc_box_border_grey\"><span class=\"vc_box_shadow_3d_wrap\"><img loading=\"lazy\" decoding=\"async\" width=\"626\" height=\"391\" src=\"https:\/\/www.donerkardesler.com\/wp-content\/uploads\/2021\/04\/Karayolu_Tasimaciligi1g.jpg\" class=\"vc_single_image-img attachment-full\" alt=\"\" srcset=\"https:\/\/www.donerkardesler.com\/wp-content\/uploads\/2021\/04\/Karayolu_Tasimaciligi1g.jpg 626w, https:\/\/www.donerkardesler.com\/wp-content\/uploads\/2021\/04\/Karayolu_Tasimaciligi1g-400x250.jpg 400w, https:\/\/www.donerkardesler.com\/wp-content\/uploads\/2021\/04\/Karayolu_Tasimaciligi1g-367x229.jpg 367w\" sizes=\"auto, (max-width: 626px) 100vw, 626px\" \/><\/span><\/div>\n\t\t<\/div>\n\t<\/div>\n<\/div><\/div><\/div><div class=\"vc_row wpb_row row\"><div class=\"vc_column_container col-md-6 vc_custom_1618926476261\"><div class=\"wpb_wrapper vc_column-inner\">\n\t<div class=\"wpb_single_image wpb_content_element vc_align_center\">\n\t\t<div class=\"wpb_wrapper\">\n\t\t\t\n\t\t\t<div class=\"vc_single_image-wrapper vc_box_shadow_3d  vc_box_border_grey\"><span class=\"vc_box_shadow_3d_wrap\"><img loading=\"lazy\" decoding=\"async\" width=\"618\" height=\"347\" src=\"https:\/\/www.donerkardesler.com\/wp-content\/uploads\/2021\/04\/Karayolu_Tasimaciligi5.jpg\" class=\"vc_single_image-img attachment-full\" alt=\"\" srcset=\"https:\/\/www.donerkardesler.com\/wp-content\/uploads\/2021\/04\/Karayolu_Tasimaciligi5.jpg 618w, https:\/\/www.donerkardesler.com\/wp-content\/uploads\/2021\/04\/Karayolu_Tasimaciligi5-400x225.jpg 400w, https:\/\/www.donerkardesler.com\/wp-content\/uploads\/2021\/04\/Karayolu_Tasimaciligi5-367x206.jpg 367w\" sizes=\"auto, (max-width: 618px) 100vw, 618px\" \/><\/span><\/div>\n\t\t<\/div>\n\t<\/div>\n<\/div><\/div><div class=\"vc_column_container col-md-6\"><div class=\"wpb_wrapper vc_column-inner\"><h4 style=\"color: #003977;text-align: center\" class=\"vc_custom_heading\">Partial Transportation Advantages<\/h4><p style=\"text-align: center\" class=\"vc_custom_heading\">Partial transportation, which is used extensively, is preferred in terms of advantages. Partial transportation is used extensively for airway, seaway and road transportation types. Partial transportation is the name given to the type of transportation that is made by filling the materials of other companies in the same container in case a container is not filled with the material sent by only one person. Partial transportation advantages are preferred for a company. It has the advantage of saving on company shipments. After a certain calculation, the materials you send are offered as much as the area and weight of your material as a result of this calculation. It is clear how much a container will be transported in a full state, and this container fee is shared according to the ratio of the goods loaded into it. In this way, instead of paying the total price of a container, only your own material is paid.<\/p><p style=\"text-align: center\" class=\"vc_custom_heading\">Parsiyel ta\u015f\u0131mac\u0131l\u0131kta ara\u00e7 \u00e7evresinde bo\u015f kalan yerler i\u00e7in ayriyeten \u00fccret \u00f6denmez. G\u00f6nderece\u011finiz \u015fehir ya da \u00fclkeye g\u00f6re en h\u0131zl\u0131 ta\u015f\u0131ma y\u00f6ntemi se\u00e7ilerek g\u00f6nderinizin en h\u0131zl\u0131 \u015fekilde ula\u015fmas\u0131 sa\u011flanmaktad\u0131r. \u00dcr\u00fcnleriniz direkt gidebilece\u011fi adrese sizlerin talebi do\u011frultusunda aktarmal\u0131 da g\u00f6nderilmektedir. Parsiyel ta\u015f\u0131mac\u0131l\u0131k avantajlar\u0131 B\u00f6ylece bir\u00e7ok y\u00f6nden firmalara kazan\u00e7 sa\u011flamaktad\u0131r. Parsiyel ta\u015f\u0131mac\u0131l\u0131k avantajlar\u0131 aras\u0131ndaki en \u00f6nemli unsur ta\u015f\u0131mac\u0131l\u0131k maliyetlerinin en aza indiriliyor olmas\u0131d\u0131r.<\/p><\/div><\/div><\/div><\/section>","protected":false},"excerpt":{"rendered":"Profesyonel Parsiyel Ta\u015f\u0131mac\u0131l\u0131kParsiyel ta\u015f\u0131mac\u0131l\u0131k, ayn\u0131 g\u00fczergahta ta\u015f\u0131nacak olan ve birbirinden farkl\u0131 m\u00fc\u015fterilere ait olan y\u00fcklerin, ayn\u0131 ara\u00e7 ile ta\u015f\u0131ma i\u015flemi oldu\u011fundan, bu s\u00fcrecin en iyi \u015fekilde y\u00f6netilmesi, teslimat organizasyonunun planlan\u0131p, y\u00fck\u00fcn gecikmeden teslim edilmesi hedeflenmektedir. Bizimle \u0130leti\u015fime Ge\u00e7in ! Parsiyel Ta\u015f\u0131mac\u0131l\u0131k Avantajlar\u0131Olduk\u00e7a yo\u011fun olarak kullan\u0131lan parsiyel ta\u015f\u0131mac\u0131l\u0131k avantajlar\u0131 bak\u0131m\u0131ndan tercih sebebi olmaktad\u0131r. Parsiyel ta\u015f\u0131mac\u0131l\u0131k havayolu [...]","protected":false},"author":1,"featured_media":0,"parent":0,"menu_order":0,"comment_status":"closed","ping_status":"closed","template":"","meta":{"footnotes":""},"class_list":["post-461","page","type-page","status-publish","hentry"],"_links":{"self":[{"href":"https:\/\/www.donerkardesler.com\/en\/wp-json\/wp\/v2\/pages\/461","targetHints":{"allow":["GET"]}}],"collection":[{"href":"https:\/\/www.donerkardesler.com\/en\/wp-json\/wp\/v2\/pages"}],"about":[{"href":"https:\/\/www.donerkardesler.com\/en\/wp-json\/wp\/v2\/types\/page"}],"author":[{"embeddable":true,"href":"https:\/\/www.donerkardesler.com\/en\/wp-json\/wp\/v2\/users\/1"}],"replies":[{"embeddable":true,"href":"https:\/\/www.donerkardesler.com\/en\/wp-json\/wp\/v2\/comments?post=461"}],"version-history":[{"count":4,"href":"https:\/\/www.donerkardesler.com\/en\/wp-json\/wp\/v2\/pages\/461\/revisions"}],"predecessor-version":[{"id":624,"href":"https:\/\/www.donerkardesler.com\/en\/wp-json\/wp\/v2\/pages\/461\/revisions\/624"}],"wp:attachment":[{"href":"https:\/\/www.donerkardesler.com\/en\/wp-json\/wp\/v2\/media?parent=461"}],"curies":[{"name":"wp","href":"https:\/\/api.w.org\/{rel}","templated":true}]}}