{"id":455,"date":"2021-04-19T09:36:08","date_gmt":"2021-04-19T06:36:08","guid":{"rendered":"https:\/\/www.donerkardesler.com\/?page_id=455"},"modified":"2021-04-23T22:29:30","modified_gmt":"2021-04-23T19:29:30","slug":"multimodal-tasimacilik","status":"publish","type":"page","link":"https:\/\/www.donerkardesler.com\/en\/multimodal-tasimacilik\/","title":{"rendered":"Multimodal Transport"},"content":{"rendered":"<section class=\"vc_section vc_custom_1618946282802\"><div class=\"vc_row wpb_row row vc_custom_1618946344302\"><div class=\"vc_column_container col-md-6 vc_custom_1618946548072\"><div class=\"wpb_wrapper vc_column-inner\"><h4 style=\"color: #003977;text-align: center\" class=\"vc_custom_heading\">Multimodal Transportation Service<\/h4><p style=\"text-align: center\" class=\"vc_custom_heading\">D\u00d6NER KARDE\u015eLER provides multimodal transportation services between Turkic Republics and Far East countries with more than one type of transportation (road, sea road, river road, railway, airway) thanks to its different transport units \/ equipment.<\/p><p style=\"text-align: center\" class=\"vc_custom_heading\">With the experience of our expert staff in Multimodal Transport, and the comprehensive supply chain solution we offer, we ensure that our logistics service is designed from the beginning to the end, and the process is managed smoothly with the contracts made.<\/p><div class=\"vc_btn3-container vc_btn3-center\" >\n\t<a class=\"vc_general vc_btn3 vc_btn3-size-md vc_btn3-shape-default vc_btn3-style-custom vc_btn3-icon-left btn\" style=\"background-color:#003977; color:#ffffff; background-color:#003977; color:#ffffff;\" href=\"https:\/\/www.donerkardesler.com\/en\/iletisim\/\" title=\"Contact\"><i class=\"vc_btn3-icon fas fa-phone\"><\/i> Contact Us!<\/a>\t<\/div>\n<\/div><\/div><div class=\"vc_column_container col-md-6\"><div class=\"wpb_wrapper vc_column-inner\">\n\t<div class=\"wpb_single_image wpb_content_element vc_align_center\">\n\t\t<div class=\"wpb_wrapper\">\n\t\t\t\n\t\t\t<div class=\"vc_single_image-wrapper vc_box_shadow_3d  vc_box_border_grey\"><span class=\"vc_box_shadow_3d_wrap\"><img loading=\"lazy\" decoding=\"async\" width=\"626\" height=\"417\" src=\"https:\/\/www.donerkardesler.com\/wp-content\/uploads\/2021\/04\/Karayolu_Tasimaciligi1sa.jpg\" class=\"vc_single_image-img attachment-full\" alt=\"\" srcset=\"https:\/\/www.donerkardesler.com\/wp-content\/uploads\/2021\/04\/Karayolu_Tasimaciligi1sa.jpg 626w, https:\/\/www.donerkardesler.com\/wp-content\/uploads\/2021\/04\/Karayolu_Tasimaciligi1sa-400x266.jpg 400w, https:\/\/www.donerkardesler.com\/wp-content\/uploads\/2021\/04\/Karayolu_Tasimaciligi1sa-367x244.jpg 367w\" sizes=\"auto, (max-width: 626px) 100vw, 626px\" \/><\/span><\/div>\n\t\t<\/div>\n\t<\/div>\n<\/div><\/div><\/div><div class=\"vc_row wpb_row row vc_custom_1618946344302\"><div class=\"vc_column_container col-md-6 vc_custom_1618946548072\"><div class=\"wpb_wrapper vc_column-inner\">\n\t<div class=\"wpb_single_image wpb_content_element vc_align_center\">\n\t\t<div class=\"wpb_wrapper\">\n\t\t\t\n\t\t\t<div class=\"vc_single_image-wrapper   vc_box_border_grey\"><img loading=\"lazy\" decoding=\"async\" width=\"1350\" height=\"650\" src=\"https:\/\/www.donerkardesler.com\/wp-content\/uploads\/2021\/04\/denizyolut.png\" class=\"vc_single_image-img attachment-full\" alt=\"\" srcset=\"https:\/\/www.donerkardesler.com\/wp-content\/uploads\/2021\/04\/denizyolut.png 1350w, https:\/\/www.donerkardesler.com\/wp-content\/uploads\/2021\/04\/denizyolut-1024x493.png 1024w, https:\/\/www.donerkardesler.com\/wp-content\/uploads\/2021\/04\/denizyolut-768x370.png 768w, https:\/\/www.donerkardesler.com\/wp-content\/uploads\/2021\/04\/denizyolut-640x308.png 640w, https:\/\/www.donerkardesler.com\/wp-content\/uploads\/2021\/04\/denizyolut-400x193.png 400w, https:\/\/www.donerkardesler.com\/wp-content\/uploads\/2021\/04\/denizyolut-367x177.png 367w\" sizes=\"auto, (max-width: 1350px) 100vw, 1350px\" \/><\/div>\n\t\t<\/div>\n\t<\/div>\n<\/div><\/div><div class=\"vc_column_container col-md-6 vc_custom_1618946854078\"><div class=\"wpb_wrapper vc_column-inner\"><h4 style=\"color: #003977;text-align: center\" class=\"vc_custom_heading\">Multimodal Transportation Advantages<\/h4><p style=\"text-align: center\" class=\"vc_custom_heading\">The multimodal transport model is environmentally friendly. Thanks to this transportation model, thousands of hectares of forest are saved from extinction every year.<\/p><p style=\"text-align: center\" class=\"vc_custom_heading\">1- It is an ecological transport type that does not create environmental pollution since it emits up to 75% less CO2 compared to road transport.<br \/>\n2- It provides ease of control and follow-up with its regular loading, transportation and unloading facilities.<br \/>\n3- It is a highly preferable model thanks to its fixed price advantage.<br \/>\n4- It provides the opportunity to make a realistic planning by offering fixed transportation times without being affected by weather and road conditions.<\/p><\/div><\/div><\/div><\/section>","protected":false},"excerpt":{"rendered":"Multimodal Ta\u015f\u0131mac\u0131l\u0131k HizmetiD\u00d6NER KARDE\u015eLER, T\u00fcrki Cumhuriyetler ve Uzak Do\u011fu \u00fclkeleri aras\u0131nda birden fazla ta\u015f\u0131ma t\u00fcr\u00fc ile (kara yolu, deniz yolu, nehir yolu, demir yolu, hava yolu) , sahip oldu\u011fu farkl\u0131 ta\u015f\u0131ma \u00fcniteleri\/ekipmanlar\u0131 sayesinde multimodal ta\u015f\u0131mac\u0131l\u0131k hizmeti vermektedirMultimodal Ta\u015f\u0131mac\u0131l\u0131k\u2019ta uzman kadromuzun deneyimi, sundu\u011fumuz kapsaml\u0131 tedarik zinciri \u00e7\u00f6z\u00fcm\u00fc ile lojistik hizmetimizin ba\u015ftan sona tasarlanmas\u0131n\u0131, kurgulanmas\u0131n\u0131 ve yap\u0131lan [...]","protected":false},"author":1,"featured_media":0,"parent":0,"menu_order":0,"comment_status":"closed","ping_status":"closed","template":"","meta":{"footnotes":""},"class_list":["post-455","page","type-page","status-publish","hentry"],"_links":{"self":[{"href":"https:\/\/www.donerkardesler.com\/en\/wp-json\/wp\/v2\/pages\/455","targetHints":{"allow":["GET"]}}],"collection":[{"href":"https:\/\/www.donerkardesler.com\/en\/wp-json\/wp\/v2\/pages"}],"about":[{"href":"https:\/\/www.donerkardesler.com\/en\/wp-json\/wp\/v2\/types\/page"}],"author":[{"embeddable":true,"href":"https:\/\/www.donerkardesler.com\/en\/wp-json\/wp\/v2\/users\/1"}],"replies":[{"embeddable":true,"href":"https:\/\/www.donerkardesler.com\/en\/wp-json\/wp\/v2\/comments?post=455"}],"version-history":[{"count":5,"href":"https:\/\/www.donerkardesler.com\/en\/wp-json\/wp\/v2\/pages\/455\/revisions"}],"predecessor-version":[{"id":543,"href":"https:\/\/www.donerkardesler.com\/en\/wp-json\/wp\/v2\/pages\/455\/revisions\/543"}],"wp:attachment":[{"href":"https:\/\/www.donerkardesler.com\/en\/wp-json\/wp\/v2\/media?parent=455"}],"curies":[{"name":"wp","href":"https:\/\/api.w.org\/{rel}","templated":true}]}}