{"id":453,"date":"2021-04-19T09:34:49","date_gmt":"2021-04-19T06:34:49","guid":{"rendered":"https:\/\/www.donerkardesler.com\/?page_id=453"},"modified":"2021-04-23T22:17:48","modified_gmt":"2021-04-23T19:17:48","slug":"denizyolu-tasimaciligi","status":"publish","type":"page","link":"https:\/\/www.donerkardesler.com\/en\/denizyolu-tasimaciligi\/","title":{"rendered":"Maritime Transport"},"content":{"rendered":"<section class=\"vc_section vc_custom_1618839544517\"><div class=\"vc_row wpb_row row\"><div class=\"vc_column_container col-md-6\"><div class=\"wpb_wrapper vc_column-inner\"><h3 style=\"color: #003977;text-align: center\" class=\"vc_custom_heading\">Professional Sea Freight<\/h3><p style=\"color: #000000;text-align: center\" class=\"vc_custom_heading\">Nowadays, where 80% of the world trade is realized by sea, we offer intercontinental rational logistics solutions to our customers around the world with the agreements we have made with shipowners, our wide agency network and the knowledge and experience we have.<\/p><p style=\"color: #000000;text-align: center\" class=\"vc_custom_heading\">Our Featured Services:<br \/>\n- Full Container Transport (FCL)<br \/>\n- Partial Container Shipments (LCL)<br \/>\n- Open Top, Platform, Flat Rack Container Transport<br \/>\n- Regular Weekly Expeditions<br \/>\n- Direct Flights<br \/>\n- Transfer Flights<br \/>\n- Transit Transports with Transit in Turkish Ports<br \/>\n- Special Container Options (such as Reefer, Isotank)<br \/>\n- Break Bulk Ship Transport<br \/>\n- Ship Chartering<br \/>\n- Project Transportation<br \/>\n- Door to Door Delivery<\/p><div class=\"vc_btn3-container vc_btn3-center\" >\n\t<a class=\"vc_general vc_btn3 vc_btn3-size-md vc_btn3-shape-default vc_btn3-style-custom vc_btn3-icon-left btn\" style=\"background-color:#003977; color:#ffffff; background-color:#003977; color:#ffffff;\" href=\"https:\/\/www.donerkardesler.com\/en\/iletisim\/\" title=\"Contact\" target=\"_blank\"><i class=\"vc_btn3-icon fas fa-phone\"><\/i> Contact Us!<\/a>\t<\/div>\n<\/div><\/div><div class=\"vc_column_container col-md-6 vc_custom_1618840860088\"><div class=\"wpb_wrapper vc_column-inner\">\n\t<div class=\"wpb_single_image wpb_content_element vc_align_center\">\n\t\t<div class=\"wpb_wrapper\">\n\t\t\t\n\t\t\t<div class=\"vc_single_image-wrapper vc_box_shadow_3d  vc_box_border_grey\"><span class=\"vc_box_shadow_3d_wrap\"><img loading=\"lazy\" decoding=\"async\" width=\"626\" height=\"351\" src=\"https:\/\/www.donerkardesler.com\/wp-content\/uploads\/2021\/04\/denizyolu.jpg\" class=\"vc_single_image-img attachment-full\" alt=\"\" srcset=\"https:\/\/www.donerkardesler.com\/wp-content\/uploads\/2021\/04\/denizyolu.jpg 626w, https:\/\/www.donerkardesler.com\/wp-content\/uploads\/2021\/04\/denizyolu-400x224.jpg 400w, https:\/\/www.donerkardesler.com\/wp-content\/uploads\/2021\/04\/denizyolu-367x206.jpg 367w\" sizes=\"auto, (max-width: 626px) 100vw, 626px\" \/><\/span><\/div>\n\t\t<\/div>\n\t<\/div>\n<\/div><\/div><\/div><\/section>","protected":false},"excerpt":{"rendered":"Profesyonel Denizyolu Ta\u015f\u0131mac\u0131l\u0131\u011f\u0131D\u00fcnya ticaretinin %80\u2019inin denizyoluyla ger\u00e7ekle\u015fti\u011fi g\u00fcn\u00fcm\u00fczde, armat\u00f6rlerle yapm\u0131\u015f oldu\u011fumuz anla\u015fmalar, geni\u015f acente a\u011f\u0131m\u0131z ve sahip oldu\u011fumuz bilgi ve tecr\u00fcbe ile d\u00fcnya genelinde m\u00fc\u015fterilerimize k\u0131talararas\u0131 ak\u0131lc\u0131 lojistik \u00e7\u00f6z\u00fcmler sunmaktay\u0131z.\u00d6ne \u00c7\u0131kan Hizmetlerimiz: - Full Konteyner Ta\u015f\u0131malar\u0131 (FCL) - Parsiyel Konteyner Ta\u015f\u0131malar\u0131 (LCL) - Open Top, Platform, Flat Rack Konteyner Ta\u015f\u0131mac\u0131l\u0131\u011f\u0131 - D\u00fczenli Haftal\u0131k Seferler - [...]","protected":false},"author":1,"featured_media":0,"parent":0,"menu_order":0,"comment_status":"closed","ping_status":"closed","template":"","meta":{"footnotes":""},"class_list":["post-453","page","type-page","status-publish","hentry"],"_links":{"self":[{"href":"https:\/\/www.donerkardesler.com\/en\/wp-json\/wp\/v2\/pages\/453","targetHints":{"allow":["GET"]}}],"collection":[{"href":"https:\/\/www.donerkardesler.com\/en\/wp-json\/wp\/v2\/pages"}],"about":[{"href":"https:\/\/www.donerkardesler.com\/en\/wp-json\/wp\/v2\/types\/page"}],"author":[{"embeddable":true,"href":"https:\/\/www.donerkardesler.com\/en\/wp-json\/wp\/v2\/users\/1"}],"replies":[{"embeddable":true,"href":"https:\/\/www.donerkardesler.com\/en\/wp-json\/wp\/v2\/comments?post=453"}],"version-history":[{"count":4,"href":"https:\/\/www.donerkardesler.com\/en\/wp-json\/wp\/v2\/pages\/453\/revisions"}],"predecessor-version":[{"id":500,"href":"https:\/\/www.donerkardesler.com\/en\/wp-json\/wp\/v2\/pages\/453\/revisions\/500"}],"wp:attachment":[{"href":"https:\/\/www.donerkardesler.com\/en\/wp-json\/wp\/v2\/media?parent=453"}],"curies":[{"name":"wp","href":"https:\/\/api.w.org\/{rel}","templated":true}]}}