{"id":451,"date":"2021-04-19T09:34:09","date_gmt":"2021-04-19T06:34:09","guid":{"rendered":"https:\/\/www.donerkardesler.com\/?page_id=451"},"modified":"2021-04-24T01:04:44","modified_gmt":"2021-04-23T22:04:44","slug":"havayolu-tasimaciligi","status":"publish","type":"page","link":"https:\/\/www.donerkardesler.com\/en\/havayolu-tasimaciligi\/","title":{"rendered":"Airways Transporting"},"content":{"rendered":"<section class=\"vc_section vc_custom_1618824190707\"><div class=\"vc_row wpb_row row\"><div class=\"vc_column_container col-md-6 vc_custom_1618830935878\"><div class=\"wpb_wrapper vc_column-inner\"><p style=\"text-align: center\" class=\"vc_custom_heading\">Your cargo is in safe hands with us even over the longest distances: Our air cargo experts ensure that your goods reach their destination safely, cost-effectively and punctually all over the world with the help of the most modern systems. Service is provided with. With our Uninterrupted Transportation and tracking system, the safest, fastest and most suitable transportation opportunity is provided.<\/p><p style=\"text-align: center\" class=\"vc_custom_heading\">As D\u00d6NER KARDESLER, which shortens the transportation time; allowing flexible planning, small volume and sensitive loads to be transported without damage; In Airway Transportation, which offers convenience in customs and transportation procedures, we offer costs suitable for the expectations of our customers.<\/p><div class=\"vc_btn3-container vc_btn3-center\" >\n\t<a class=\"vc_general vc_btn3 vc_btn3-size-md vc_btn3-shape-default vc_btn3-style-custom vc_btn3-icon-left btn\" style=\"background-color:#003977; color:#ffffff; background-color:#003977; color:#ffffff;\" href=\"https:\/\/www.donerkardesler.com\/en\/iletisim\/\" title=\"Contact\" target=\"_blank\"><i class=\"vc_btn3-icon fas fa-phone\"><\/i> Contact Us!<\/a>\t<\/div>\n<\/div><\/div><div class=\"vc_column_container col-md-6\"><div class=\"wpb_wrapper vc_column-inner\">\n\t<div class=\"wpb_single_image wpb_content_element vc_align_left\">\n\t\t<div class=\"wpb_wrapper\">\n\t\t\t\n\t\t\t<div class=\"vc_single_image-wrapper   vc_box_border_grey\"><img loading=\"lazy\" decoding=\"async\" class=\"vc_single_image-img\" src=\"https:\/\/www.donerkardesler.com\/wp-content\/uploads\/2021\/04\/Havayolu-Tasimaciligi-1-600x400.jpg\" width=\"600\" height=\"400\" alt=\"Havayolu Tasimaciligi\" title=\"Havayolu Tasimaciligi\" \/><\/div>\n\t\t<\/div>\n\t<\/div>\n<\/div><\/div><\/div><div class=\"vc_row wpb_row row\"><div class=\"vc_column_container col-md-6 vc_custom_1618830980072\"><div class=\"wpb_wrapper vc_column-inner\">\n\t<div class=\"wpb_single_image wpb_content_element vc_align_left\">\n\t\t<div class=\"wpb_wrapper\">\n\t\t\t\n\t\t\t<div class=\"vc_single_image-wrapper   vc_box_border_grey\"><img loading=\"lazy\" decoding=\"async\" class=\"vc_single_image-img\" src=\"https:\/\/www.donerkardesler.com\/wp-content\/uploads\/2021\/04\/hava-min-600x400.png\" width=\"600\" height=\"400\" alt=\"hava-min\" title=\"hava-min\" \/><\/div>\n\t\t<\/div>\n\t<\/div>\n<\/div><\/div><div class=\"vc_column_container col-md-6\"><div class=\"wpb_wrapper vc_column-inner\"><h4 style=\"text-align: center\" class=\"vc_custom_heading\">Airline Transport Features<\/h4><p style=\"text-align: center\" class=\"vc_custom_heading\">In today's world, where the globalizing trade network is increasing day by day, transportation and transportation make its importance felt. Among the types of transportation, air transport stands out as the most preferred type of transportation. The industry, which is truly growing and has come a long way, is widely used. Considering the features of airline transportation, it appears as its advantages and disadvantages.\n<p><\/p><\/p><p style=\"text-align: center\" class=\"vc_custom_heading\">The advantages of airline transportation compared to other transportation sectors are pulling the demands in this direction. Speed \u200b\u200band time, which are among the features of airline transportation, are the biggest factors. Airline transportation, in which the transportation time is reduced to a minimum, provides a great advantage for the sender and the buyer. The most reliable and convenient mode of transport for small quantities of goods is also air transport.\n<p><\/p><\/p><p style=\"text-align: center\" class=\"vc_custom_heading\">It is among the features of airline transportation that safety and security are at the highest level. In addition to the cargo insurance premium fee being more affordable than other transports, special attention is paid to loading, stacking and transportation. Among the features of air transport, it is expensive compared to other transport types, and large and bulky items cannot be transported as disadvantages.<\/p><\/div><\/div><\/div><\/section>","protected":false},"excerpt":{"rendered":"En uzun mesafelerde bile y\u00fck\u00fcn\u00fcz bizimle g\u00fcvenilir ellerde: Hava kargo uzmanlar\u0131m\u0131z, en modern sistemlerin yard\u0131m\u0131yla g\u00fcn\u00fcn her saatinde mal\u0131n\u0131z\u0131n t\u00fcm D\u00fcnya\u2019da emniyetli, d\u00fc\u015f\u00fck maliyetli ve dakik bir \u015fekilde hedefine ula\u015fmas\u0131n\u0131 sa\u011flar.Sevkiyatlar\u0131n\u0131z uzman ekiplerimiz taraf\u0131ndan her g\u00fcn i\u015fleme al\u0131n\u0131r ve en g\u00fcvenilir u\u00e7ak \u015firketleri ile hizmet verilir. Kesintisiz Ta\u015f\u0131ma ve takip sistemimiz ile de en emniyetli, [...]","protected":false},"author":1,"featured_media":0,"parent":0,"menu_order":0,"comment_status":"closed","ping_status":"closed","template":"","meta":{"footnotes":""},"class_list":["post-451","page","type-page","status-publish","hentry"],"_links":{"self":[{"href":"https:\/\/www.donerkardesler.com\/en\/wp-json\/wp\/v2\/pages\/451","targetHints":{"allow":["GET"]}}],"collection":[{"href":"https:\/\/www.donerkardesler.com\/en\/wp-json\/wp\/v2\/pages"}],"about":[{"href":"https:\/\/www.donerkardesler.com\/en\/wp-json\/wp\/v2\/types\/page"}],"author":[{"embeddable":true,"href":"https:\/\/www.donerkardesler.com\/en\/wp-json\/wp\/v2\/users\/1"}],"replies":[{"embeddable":true,"href":"https:\/\/www.donerkardesler.com\/en\/wp-json\/wp\/v2\/comments?post=451"}],"version-history":[{"count":6,"href":"https:\/\/www.donerkardesler.com\/en\/wp-json\/wp\/v2\/pages\/451\/revisions"}],"predecessor-version":[{"id":670,"href":"https:\/\/www.donerkardesler.com\/en\/wp-json\/wp\/v2\/pages\/451\/revisions\/670"}],"wp:attachment":[{"href":"https:\/\/www.donerkardesler.com\/en\/wp-json\/wp\/v2\/media?parent=451"}],"curies":[{"name":"wp","href":"https:\/\/api.w.org\/{rel}","templated":true}]}}