{"id":37,"date":"2020-06-01T08:12:53","date_gmt":"2020-06-01T08:12:53","guid":{"rendered":"http:\/\/sw-themes.com\/porto_dummy\/?page_id=37"},"modified":"2021-05-01T18:20:05","modified_gmt":"2021-05-01T15:20:05","slug":"hakkimizda","status":"publish","type":"page","link":"https:\/\/www.donerkardesler.com\/en\/hakkimizda\/","title":{"rendered":"About Us"},"content":{"rendered":"<div class=\"vc_row wpb_row mt-2 section section-parallax mt-0 mb-0 section-no-borders porto-inner-container\"><div class=\"porto-wrap-container container\"><div class=\"row\"><div class=\"vc_column_container col-md-12\"><div class=\"wpb_wrapper vc_column-inner\"><p style=\"font-size: 1.2em\" class=\"vc_custom_heading align-left\">Founded in 1990, D\u00d6NER KARDE\u015eLER has continuously increased its knowledge and skills with its understanding of service that is always open to innovations that prioritize principles and ethical values \u200b\u200band reached its deserved place among the leading logistics companies in the world.<\/p><p  class=\"vc_custom_heading align-left\">D\u00d6NER KARDE\u015eLER, which operated with its own fleet in the field of road transportation in the first years, reached a level that provides complete service to logistics needs by structuring in the fields of sea, air and railway transportation in the following years.\n<p>D\u00d6NER KARDE\u015eLER, which started to carry out the transportation organizations of heavy and large loads, has taken its place among the first preferred companies in project logistics by providing services in all logistics stages of large and prestigious projects after its great experience.<\/p><\/p><div class=\"vc_row wpb_row vc_inner row pt-3\" data-appear-animation=\"fadeInUp\" data-appear-animation-delay=\"200\"><div class=\"vc_column_container col-md-12 col-lg-4\"><div class=\"wpb_wrapper vc_column-inner\"><div class=\"porto-sicon-box custom-info-box-effect p-4 mb-0 style_1 left-icon\"><div class=\"porto-sicon-left\"><div id=\"porto-icon-185991903669e734f298400\" class=\"porto-just-icon-wrapper\" style=\"text-align:center;\"><div class=\"porto-icon advanced\" style=\"color:#220c3c;background:transparent;border-style:solid;border-color:#dfdfdf;border-width:1px;width:98px;height:98px;line-height:98px;border-radius:50px;font-size:32px;display:inline-block;\"><i class=\"fas fa-hourglass-start\"><\/i><\/div><\/div><\/div><div class=\"porto-sicon-body\"><div class=\"porto-sicon-header\"><h3 class=\"porto-sicon-title\" style=\"font-weight:700;font-size:1.3125rem;line-height:1.28;\">ON TIME<\/h3><p>With the right planning, the right timing and smooth delivery.<\/p><\/div> <!-- header --><\/div><\/div><!-- porto-sicon-box --><\/div><\/div><div class=\"vc_column_container col-md-12 col-lg-4\"><div class=\"wpb_wrapper vc_column-inner\"><div class=\"porto-sicon-box custom-info-box-effect p-4 mb-0 style_1 left-icon\"><div class=\"porto-sicon-left\"><div id=\"porto-icon-2953730069e734f29879d\" class=\"porto-just-icon-wrapper\" style=\"text-align:center;\"><div class=\"porto-icon advanced\" style=\"color:#220c3c;background:transparent;border-style:solid;border-color:#dfdfdf;border-width:1px;width:98px;height:98px;line-height:98px;border-radius:50px;font-size:32px;display:inline-block;\"><i class=\"fas fa-warehouse\"><\/i><\/div><\/div><\/div><div class=\"porto-sicon-body\"><div class=\"porto-sicon-header\"><h3 class=\"porto-sicon-title\" style=\"font-weight:700;font-size:1.3125rem;line-height:1.28;\">STORAGE<\/h3><p>Storage service in suitable conditions and dimensions for your cargo.<\/p><\/div> <!-- header --><\/div><\/div><!-- porto-sicon-box --><\/div><\/div><div class=\"vc_column_container col-md-12 col-lg-4\"><div class=\"wpb_wrapper vc_column-inner\"><div class=\"porto-sicon-box custom-info-box-effect p-4 mb-0 style_1 left-icon\"><div class=\"porto-sicon-left\"><div id=\"porto-icon-6785527469e734f298b0b\" class=\"porto-just-icon-wrapper\" style=\"text-align:center;\"><div class=\"porto-icon advanced\" style=\"color:#220c3c;background:transparent;border-style:solid;border-color:#dfdfdf;border-width:1px;width:98px;height:98px;line-height:98px;border-radius:50px;font-size:32px;display:inline-block;\"><i class=\"fas fa-shield-alt\"><\/i><\/div><\/div><\/div><div class=\"porto-sicon-body\"><div class=\"porto-sicon-header\"><h3 class=\"porto-sicon-title\" style=\"font-weight:700;font-size:1.3125rem;line-height:1.28;\">DAMAGED HANDLING<\/h3><p>We Deliver Your Shipping Products Without Damage<\/p><\/div> <!-- header --><\/div><\/div><!-- porto-sicon-box --><\/div><\/div><\/div><\/div><\/div><\/div><\/div><\/div><div class=\"vc_row wpb_row section section-primary mt-0 mb-0 section-no-borders porto-inner-container\"><div class=\"porto-wrap-container container\"><div class=\"row\"><div class=\"vc_column_container col-md-4\"><div class=\"wpb_wrapper vc_column-inner\">\n\t<div class=\"wpb_single_image wpb_content_element vc_align_center   my-3\"data-appear-animation=\"fadeIn\" data-appear-animation-delay=\"200\">\n\t\t<div class=\"wpb_wrapper\">\n\t\t\t\n\t\t\t<a class=\"porto-vc-zoom\" data-gallery=\"true\" data-title=\"\" href=\"https:\/\/www.donerkardesler.com\/wp-content\/uploads\/2021\/04\/erty-1-min-1024x768.jpeg\" target=\"_self\"><div class=\"vc_single_image-wrapper   vc_box_border_grey\"><img loading=\"lazy\" decoding=\"async\" class=\"vc_single_image-img\" src=\"https:\/\/www.donerkardesler.com\/wp-content\/uploads\/2021\/04\/erty-1-min-350x300.jpeg\" width=\"350\" height=\"300\" alt=\"erty (1)-min\" title=\"erty (1)-min\" \/><\/div><\/a>\n\t\t<\/div>\n\t<\/div>\n<\/div><\/div><div class=\"vc_column_container col-md-4\"><div class=\"wpb_wrapper vc_column-inner\">\n\t<div class=\"wpb_single_image wpb_content_element vc_align_center   my-3\"data-appear-animation=\"fadeIn\" data-appear-animation-delay=\"500\">\n\t\t<div class=\"wpb_wrapper\">\n\t\t\t\n\t\t\t<a class=\"porto-vc-zoom\" data-gallery=\"true\" data-title=\"\" href=\"https:\/\/www.donerkardesler.com\/wp-content\/uploads\/2021\/04\/donerkardesler-1024x768.jpeg\" target=\"_self\"><div class=\"vc_single_image-wrapper   vc_box_border_grey\"><img loading=\"lazy\" decoding=\"async\" class=\"vc_single_image-img\" src=\"https:\/\/www.donerkardesler.com\/wp-content\/uploads\/2021\/04\/donerkardesler-350x300.jpeg\" width=\"350\" height=\"300\" alt=\"donerkardesler\" title=\"donerkardesler\" \/><\/div><\/a>\n\t\t<\/div>\n\t<\/div>\n<\/div><\/div><div class=\"vc_column_container col-md-4\"><div class=\"wpb_wrapper vc_column-inner\">\n\t<div class=\"wpb_single_image wpb_content_element vc_align_center   my-3\"data-appear-animation=\"fadeIn\" data-appear-animation-delay=\"800\">\n\t\t<div class=\"wpb_wrapper\">\n\t\t\t\n\t\t\t<a class=\"porto-vc-zoom\" data-gallery=\"true\" data-title=\"\" href=\"https:\/\/www.donerkardesler.com\/wp-content\/uploads\/2021\/04\/doner_kardesler-1024x683.jpeg\" target=\"_self\"><div class=\"vc_single_image-wrapper   vc_box_border_grey\"><img loading=\"lazy\" decoding=\"async\" class=\"vc_single_image-img\" src=\"https:\/\/www.donerkardesler.com\/wp-content\/uploads\/2021\/04\/doner_kardesler-350x300.jpeg\" width=\"350\" height=\"300\" alt=\"doner_kardesler\" title=\"doner_kardesler\" \/><\/div><\/a>\n\t\t<\/div>\n\t<\/div>\n<\/div><\/div><\/div><\/div><\/div><div class=\"vc_row wpb_row section section-parallax mt-0 mb-0 section-no-borders porto-inner-container\"><div class=\"porto-wrap-container container\"><div class=\"row\"><div class=\"vc_column_container col-md-12\"><div class=\"wpb_wrapper vc_column-inner\">\n\t<div class=\"wpb_text_column wpb_content_element  m-b-md\" >\n\t\t<div class=\"wpb_wrapper\">\n\t\t\t<p>D\u00d6NER KARDE\u015eLER has undertaken the logistics of large projects belonging to many different sectors so far. Having successfully completed the logistics of power plants, airports, factories, bridges, hospitals, museums, mosques, shopping malls, universities, infrastructure and superstructure projects, D\u00d6NER KARDE\u015eLER has become one of the most reliable project logistics companies in the international arena.<\/p>\n\n\t\t<\/div>\n\t<\/div>\n<div class=\"vc_row wpb_row vc_inner row\"><div class=\"my-4 mb-lg-0 vc_column_container col-md-6 col-lg-3 col-6\"><div class=\"wpb_wrapper vc_column-inner\"><div class=\"stats-block stats-top  mb-0\"><div class=\"stats-desc\"><div id=\"counter_113414017169e734f29b88a\" data-id=\"counter_113414017169e734f29b88a\" class=\"stats-number\" style=\" font-weight:700;font-size:50px;line-height:1;color:#220c3c;\" data-speed=\"3\" data-counter-value=\"31\" data-separator=\",\" data-decimal=\".\">0<\/div><div class=\"counter_suffix mycust\" style=\" font-weight:700;font-size:50px;line-height:1;color:#220c3c\">+<\/div><div class=\"stats-text\" style=\"font-weight:300;font-size:.9em;line-height:1.8;color:#220c3c;\">Business Year<\/div><\/div><\/div><\/div><\/div><div class=\"my-4 mb-lg-0 vc_column_container col-md-6 col-lg-3 col-6\"><div class=\"wpb_wrapper vc_column-inner\"><div class=\"stats-block stats-top  mb-0\"><div class=\"stats-desc\"><div id=\"counter_44383661369e734f29baf5\" data-id=\"counter_44383661369e734f29baf5\" class=\"stats-number\" style=\" font-weight:700;font-size:50px;line-height:1;color:#220c3c;\" data-speed=\"3\" data-counter-value=\"240\" data-separator=\",\" data-decimal=\".\">0<\/div><div class=\"counter_suffix mycust\" style=\" font-weight:700;font-size:50px;line-height:1;color:#220c3c\">+<\/div><div class=\"stats-text\" style=\"font-weight:300;font-size:.9em;line-height:1.8;color:#220c3c;\">Satisfied Customers<\/div><\/div><\/div><\/div><\/div><div class=\"my-4 mb-lg-0 vc_column_container col-md-6 col-lg-3 col-6\"><div class=\"wpb_wrapper vc_column-inner\"><div class=\"stats-block stats-top  mb-0\"><div class=\"stats-desc\"><div id=\"counter_90095949369e734f29bd60\" data-id=\"counter_90095949369e734f29bd60\" class=\"stats-number\" style=\" font-weight:700;font-size:50px;line-height:1;color:#220c3c;\" data-speed=\"3\" data-counter-value=\"2000\" data-separator=\"none\" data-decimal=\".\">0<\/div><div class=\"counter_suffix mycust\" style=\" font-weight:700;font-size:50px;line-height:1;color:#220c3c\">+<\/div><div class=\"stats-text\" style=\"font-weight:300;font-size:.9em;line-height:1.8;color:#220c3c;\">Successful Cases<\/div><\/div><\/div><\/div><\/div><div class=\"mt-4 vc_column_container col-md-6 col-lg-3 col-6\"><div class=\"wpb_wrapper vc_column-inner\"><div class=\"stats-block stats-top  mb-0\"><div class=\"stats-desc\"><div id=\"counter_108797332969e734f29bf9b\" data-id=\"counter_108797332969e734f29bf9b\" class=\"stats-number\" style=\" font-weight:700;font-size:50px;line-height:1;color:#220c3c;\" data-speed=\"3\" data-counter-value=\"130\" data-separator=\",\" data-decimal=\".\">0<\/div><div class=\"counter_suffix mycust\" style=\" font-weight:700;font-size:50px;line-height:1;color:#220c3c\">+<\/div><div class=\"stats-text\" style=\"font-weight:300;font-size:.9em;line-height:1.8;color:#220c3c;\">Professional Consultants<\/div><\/div><\/div><\/div><\/div><\/div><div class=\"porto-separator   my-5\"><hr class=\"separator-line  align_center solid\"><\/div>\n\t<div class=\"wpb_text_column wpb_content_element  m-b-md\" >\n\t\t<div class=\"wpb_wrapper\">\n\t\t\t<p>D\u00d6NER KARDE\u015eLER, operating in HATAY, ISTANBUL, IRAQ, IRAN, with its own offices and experienced teams, also provides services in other important regions of the world with its agencies.<\/p>\n<p>Aiming to become an international brand, D\u00f6ner Karde\u015fler was founded in 1990 with the first activities of D\u00f6ner Karde\u015fler in Hatay \/ K\u0131r\u0131khan. It became a global business with offices in Baghdad in 1992, Turkmenistan in 1992 and Iran in 1992. D\u00f6ner Karde\u015fler, which brought many innovations to the sector and had a successful graphic until the 2000s, continues our project transportation to many neighboring countries, mainly Iraq and Iran. We serve our customers with high quality and honesty.<\/p>\n\n\t\t<\/div>\n\t<\/div>\n<\/div><\/div><\/div><\/div><\/div>","protected":false},"excerpt":{"rendered":"1990 y\u0131l\u0131nda kurulan D\u00d6NER KARDE\u015eLER, kuruldu\u011fu g\u00fcnden bu yana ilkeleri, etik de\u011ferleri \u00f6nde tutan yeniliklere daima a\u00e7\u0131k hizmet anlay\u0131\u015f\u0131 ile bilgi ve becerisini s\u00fcrekli art\u0131rm\u0131\u015f ve d\u00fcnyada say\u0131l\u0131 lojistik firmalar\u0131 aras\u0131nda hak etti\u011fi yere ula\u015fm\u0131\u015ft\u0131r.\u0130lk y\u0131llarda karayolu ta\u015f\u0131mac\u0131l\u0131\u011f\u0131 konusunda kendi filosu ile faaliyet g\u00f6steren D\u00d6NER KARDE\u015eLER, ilerleyen y\u0131llarda m\u00fc\u015fteri ihtiya\u00e7lar\u0131 do\u011frultusunda deniz, hava ve demiryolu [...]","protected":false},"author":1,"featured_media":0,"parent":0,"menu_order":0,"comment_status":"closed","ping_status":"closed","template":"","meta":{"footnotes":""},"class_list":["post-37","page","type-page","status-publish","hentry"],"_links":{"self":[{"href":"https:\/\/www.donerkardesler.com\/en\/wp-json\/wp\/v2\/pages\/37","targetHints":{"allow":["GET"]}}],"collection":[{"href":"https:\/\/www.donerkardesler.com\/en\/wp-json\/wp\/v2\/pages"}],"about":[{"href":"https:\/\/www.donerkardesler.com\/en\/wp-json\/wp\/v2\/types\/page"}],"author":[{"embeddable":true,"href":"https:\/\/www.donerkardesler.com\/en\/wp-json\/wp\/v2\/users\/1"}],"replies":[{"embeddable":true,"href":"https:\/\/www.donerkardesler.com\/en\/wp-json\/wp\/v2\/comments?post=37"}],"version-history":[{"count":6,"href":"https:\/\/www.donerkardesler.com\/en\/wp-json\/wp\/v2\/pages\/37\/revisions"}],"predecessor-version":[{"id":477,"href":"https:\/\/www.donerkardesler.com\/en\/wp-json\/wp\/v2\/pages\/37\/revisions\/477"}],"wp:attachment":[{"href":"https:\/\/www.donerkardesler.com\/en\/wp-json\/wp\/v2\/media?parent=37"}],"curies":[{"name":"wp","href":"https:\/\/api.w.org\/{rel}","templated":true}]}}