{"id":362,"date":"2021-04-17T17:50:36","date_gmt":"2021-04-17T14:50:36","guid":{"rendered":"https:\/\/www.donerkardesler.com\/?page_id=362"},"modified":"2021-04-23T22:15:09","modified_gmt":"2021-04-23T19:15:09","slug":"karayolu-tasimaciligi","status":"publish","type":"page","link":"https:\/\/www.donerkardesler.com\/en\/karayolu-tasimaciligi\/","title":{"rendered":"Highway Transports"},"content":{"rendered":"<div class=\"vc_row wpb_row row\"><div class=\"vc_column_container col-md-6 vc_custom_1618835834010\"><div class=\"wpb_wrapper vc_column-inner\"><h3 style=\"color: #003977;text-align: center\" class=\"vc_custom_heading\">Road Transport Service<\/h3><p style=\"text-align: center\" class=\"vc_custom_heading\">As D\u00d6NER KARDE\u015eLER, it provides great support for Land Transportation, which is one of the most used transportation services in Turkey. We serve you with correct planning, management and fast shipments.<\/p><p style=\"text-align: center\" class=\"vc_custom_heading\">By keeping customer satisfaction at the forefront, we share with you all the information about your cargo from the beginning to the end and ensure its safety. We deliver your products safely to their places with our experienced team in road transport, our diverse experience, road knowledge, and reliable suppliers. Please contact us for all transportation services you may need for Road Transport.<\/p><div class=\"vc_btn3-container vc_btn3-center\" >\n\t<a class=\"vc_general vc_btn3 vc_btn3-size-md vc_btn3-shape-default vc_btn3-style-custom vc_btn3-icon-left btn\" style=\"background-color:#003977; color:#ffffff; background-color:#003977; color:#ffffff;\" href=\"https:\/\/www.donerkardesler.com\/en\/iletisim\/\" title=\"Contact\" target=\"_blank\"><i class=\"vc_btn3-icon fas fa-phone\"><\/i> Contact Us!<\/a>\t<\/div>\n<\/div><\/div><div class=\"vc_column_container col-md-6 vc_custom_1618835812111\"><div class=\"wpb_wrapper vc_column-inner\">\n\t<div class=\"wpb_single_image wpb_content_element vc_align_left\">\n\t\t<div class=\"wpb_wrapper\">\n\t\t\t\n\t\t\t<div class=\"vc_single_image-wrapper vc_box_shadow_3d  vc_box_border_grey\"><span class=\"vc_box_shadow_3d_wrap\"><img loading=\"lazy\" decoding=\"async\" class=\"vc_single_image-img\" src=\"https:\/\/www.donerkardesler.com\/wp-content\/uploads\/2021\/04\/Karayolu_Tasimaciligi1grg-600x417.jpg\" width=\"600\" height=\"417\" alt=\"Karayolu_Tasimaciligi1grg\" title=\"Karayolu_Tasimaciligi1grg\" \/><\/span><\/div>\n\t\t<\/div>\n\t<\/div>\n<\/div><\/div><\/div><div class=\"vc_row wpb_row row\"><div class=\"vc_column_container col-md-6 vc_custom_1618836732514\"><div class=\"wpb_wrapper vc_column-inner\">\n\t<div class=\"wpb_single_image wpb_content_element vc_align_left\">\n\t\t<div class=\"wpb_wrapper\">\n\t\t\t\n\t\t\t<div class=\"vc_single_image-wrapper vc_box_shadow_3d  vc_box_border_grey\"><span class=\"vc_box_shadow_3d_wrap\"><img loading=\"lazy\" decoding=\"async\" class=\"vc_single_image-img\" src=\"https:\/\/www.donerkardesler.com\/wp-content\/uploads\/2021\/04\/Karayolu_Tasimaciligi1hj-600x417.jpg\" width=\"600\" height=\"417\" alt=\"Karayolu_Tasimaciligi1hj\" title=\"Karayolu_Tasimaciligi1hj\" \/><\/span><\/div>\n\t\t<\/div>\n\t<\/div>\n<\/div><\/div><div class=\"vc_column_container col-md-6\"><div class=\"wpb_wrapper vc_column-inner\"><h3 style=\"color: #003977;text-align: center\" class=\"vc_custom_heading\">Road Transport Advantages<\/h3><p style=\"text-align: center\" class=\"vc_custom_heading\">It attracts the attention of companies with the advantages of road transportation preferred by many companies in transportation. You can always create a route and take your vehicles on the road in road transportation, which has an easy and simple structure. Time losses such as waiting for a voyage, waiting for transport during moving do not exist in this type of transportation. You cannot call the mechanic in railway transportation, but you can contact the driver in person in road transport.<\/p><p style=\"text-align: center\" class=\"vc_custom_heading\">There is no need for any special space for discharge and filling. You can transfer at any convenient point you want. Also, the fact that there are roads going to many different parts of the world is among the advantages of road transport. It is possible to send your product to remote locations with a single vehicle. Road transport advantages are countless. You have the opportunity to find a vehicle for yourself whenever you want.<\/p><p style=\"text-align: center\" class=\"vc_custom_heading\">If you are looking for a simple transport network that you can direct in the way you want, if you are a small or medium-sized business, it appeals to you with the advantages of road transport. You are in control of this transportation method, which is very economical in short distances. You can manage it as you wish, otherwise you can easily intervene.<\/p><\/div><\/div><\/div>","protected":false},"excerpt":{"rendered":"Karayolu Ta\u015f\u0131mac\u0131l\u0131\u011f\u0131 HizmetiD\u00d6NER KARDE\u015eLER olarak T\u00fcrkiye'nin en \u00e7ok kullan\u0131lan ta\u015f\u0131mac\u0131l\u0131k hizmetlerinden olan Karayolu Ta\u015f\u0131mac\u0131l\u0131\u011f\u0131 i\u00e7in b\u00fcy\u00fck destek vermektedir. Do\u011fru planlama , y\u00f6netim ve h\u0131zl\u0131 g\u00f6nderiler ile sizlere hizmet vermekteyiz.M\u00fc\u015fteri memnuniyetini en \u00f6n planda tutarak , ta\u015f\u0131ma i\u015flemlerin en ba\u015f\u0131ndan , en sonuna kadar y\u00fck\u00fcn\u00fcz hakk\u0131nda b\u00fct\u00fcn bilgileri sizlerle payla\u015fmakta ve g\u00fcvenli\u011fini sa\u011flamaktay\u0131z . Karayolu Ta\u015f\u0131mac\u0131l\u0131\u011f\u0131 [...]","protected":false},"author":1,"featured_media":0,"parent":0,"menu_order":0,"comment_status":"closed","ping_status":"closed","template":"","meta":{"footnotes":""},"class_list":["post-362","page","type-page","status-publish","hentry"],"_links":{"self":[{"href":"https:\/\/www.donerkardesler.com\/en\/wp-json\/wp\/v2\/pages\/362","targetHints":{"allow":["GET"]}}],"collection":[{"href":"https:\/\/www.donerkardesler.com\/en\/wp-json\/wp\/v2\/pages"}],"about":[{"href":"https:\/\/www.donerkardesler.com\/en\/wp-json\/wp\/v2\/types\/page"}],"author":[{"embeddable":true,"href":"https:\/\/www.donerkardesler.com\/en\/wp-json\/wp\/v2\/users\/1"}],"replies":[{"embeddable":true,"href":"https:\/\/www.donerkardesler.com\/en\/wp-json\/wp\/v2\/comments?post=362"}],"version-history":[{"count":5,"href":"https:\/\/www.donerkardesler.com\/en\/wp-json\/wp\/v2\/pages\/362\/revisions"}],"predecessor-version":[{"id":619,"href":"https:\/\/www.donerkardesler.com\/en\/wp-json\/wp\/v2\/pages\/362\/revisions\/619"}],"wp:attachment":[{"href":"https:\/\/www.donerkardesler.com\/en\/wp-json\/wp\/v2\/media?parent=362"}],"curies":[{"name":"wp","href":"https:\/\/api.w.org\/{rel}","templated":true}]}}